{"id":482,"date":"2024-11-21T08:19:59","date_gmt":"2024-11-21T07:19:59","guid":{"rendered":"https:\/\/bsi-si.si\/prva\/?page_id=482"},"modified":"2025-11-12T09:53:25","modified_gmt":"2025-11-12T08:53:25","slug":"servis-akumulatorja","status":"publish","type":"page","link":"https:\/\/bsi-si.si\/prva\/dejavnosti\/servis-akumulatorja\/","title":{"rendered":"Servis akumulatorja"},"content":{"rendered":"\n<p>\u010ce po pregledu ugotovimo da obnova \u0161e ni potrebna, naredimo servis akumulatorja.<br>Pri servisu ne odpiramo celic kot pri obnovi, ampak uredimo le zunanje dele akumulatorja. <\/p>\n\n\n\n<p><strong>Potek servisa:<\/strong><\/p>\n\n\n\n<ul class=\"wp-block-list\">\n<li>uredimo in po potrebi zamenjamo povezave<\/li>\n\n\n\n<li>uredimo ali zamenjamo vijake<\/li>\n\n\n\n<li>o\u010distimo ter uredimo priklju\u010dne pole celic<\/li>\n\n\n\n<li>o\u010distimo pokrove celic<\/li>\n\n\n\n<li>uredimo ali zamenjamo dolivni sistem <\/li>\n\n\n\n<li>uredimo ali po potrebi zamenjamo priklju\u010dni konektor<\/li>\n\n\n\n<li>popravimo gostoto elektrolita <\/li>\n\n\n\n<li>izena\u010dimo napetosti celic<\/li>\n\n\n\n<li>desulfatiziramo celice z el. programi<\/li>\n<\/ul>\n\n\n\n<p>Ker kemijski procesi v akumulatorju delujejo neprestano, akumulatorji niso ve\u010dni, se pa s pravilnim vzdr\u017eevanjem in rednimi intervali pregledov in servisiranje po potrebi da \u017eivljenjsko dobo mo\u010dno podalj\u0161ati.<\/p>\n","protected":false},"excerpt":{"rendered":"<p>\u010ce po pregledu ugotovimo da obnova \u0161e ni potrebna, naredimo servis akumulatorja.Pri servisu ne odpiramo celic kot pri obnovi, ampak uredimo le zunanje dele akumulatorja. Potek servisa: Ker kemijski procesi v akumulatorju delujejo neprestano, akumulatorji niso ve\u010dni, se pa s pravilnim vzdr\u017eevanjem in rednimi intervali pregledov in servisiranje po potrebi da \u017eivljenjsko dobo mo\u010dno podalj\u0161ati.<\/p>\n","protected":false},"author":1,"featured_media":0,"parent":502,"menu_order":0,"comment_status":"closed","ping_status":"closed","template":"","meta":{"inline_featured_image":false,"footnotes":""},"class_list":["post-482","page","type-page","status-publish","hentry"],"_links":{"self":[{"href":"https:\/\/bsi-si.si\/prva\/wp-json\/wp\/v2\/pages\/482","targetHints":{"allow":["GET"]}}],"collection":[{"href":"https:\/\/bsi-si.si\/prva\/wp-json\/wp\/v2\/pages"}],"about":[{"href":"https:\/\/bsi-si.si\/prva\/wp-json\/wp\/v2\/types\/page"}],"author":[{"embeddable":true,"href":"https:\/\/bsi-si.si\/prva\/wp-json\/wp\/v2\/users\/1"}],"replies":[{"embeddable":true,"href":"https:\/\/bsi-si.si\/prva\/wp-json\/wp\/v2\/comments?post=482"}],"version-history":[{"count":3,"href":"https:\/\/bsi-si.si\/prva\/wp-json\/wp\/v2\/pages\/482\/revisions"}],"predecessor-version":[{"id":826,"href":"https:\/\/bsi-si.si\/prva\/wp-json\/wp\/v2\/pages\/482\/revisions\/826"}],"up":[{"embeddable":true,"href":"https:\/\/bsi-si.si\/prva\/wp-json\/wp\/v2\/pages\/502"}],"wp:attachment":[{"href":"https:\/\/bsi-si.si\/prva\/wp-json\/wp\/v2\/media?parent=482"}],"curies":[{"name":"wp","href":"https:\/\/api.w.org\/{rel}","templated":true}]}}