{"id":286,"date":"2024-11-06T13:17:20","date_gmt":"2024-11-06T12:17:20","guid":{"rendered":"https:\/\/bsi-si.si\/prva\/?page_id=286"},"modified":"2025-11-12T11:37:26","modified_gmt":"2025-11-12T10:37:26","slug":"main","status":"publish","type":"page","link":"https:\/\/bsi-si.si\/prva\/","title":{"rendered":""},"content":{"rendered":"\n<div class=\"wp-block-group alignfull has-background has-global-padding is-layout-constrained wp-container-core-group-is-layout-490fa1db wp-block-group-is-layout-constrained\" style=\"background:radial-gradient(rgb(190,225,171) 27%,rgb(249,249,249) 100%);padding-top:var(--wp--preset--spacing--50);padding-right:var(--wp--preset--spacing--50);padding-bottom:var(--wp--preset--spacing--50);padding-left:var(--wp--preset--spacing--50)\">\n<div class=\"wp-block-group has-global-padding is-layout-constrained wp-container-core-group-is-layout-650790e1 wp-block-group-is-layout-constrained\">\n<div class=\"wp-block-group is-nowrap is-layout-flex wp-container-core-group-is-layout-6c531013 wp-block-group-is-layout-flex\">\n<p class=\"has-text-align-center animated rollIn delay-200ms o-anim-offset-100px\"><img loading=\"lazy\" decoding=\"async\" width=\"150\" height=\"150\" class=\"wp-image-320\" style=\"width: 150px;\" src=\"https:\/\/bsi-si.si\/prva\/wp-content\/uploads\/2024\/11\/recycle.png\" alt=\"recycling\" srcset=\"https:\/\/bsi-si.si\/prva\/wp-content\/uploads\/2024\/11\/recycle.png 1024w, https:\/\/bsi-si.si\/prva\/wp-content\/uploads\/2024\/11\/recycle-300x300.png 300w, https:\/\/bsi-si.si\/prva\/wp-content\/uploads\/2024\/11\/recycle-150x150.png 150w, https:\/\/bsi-si.si\/prva\/wp-content\/uploads\/2024\/11\/recycle-768x768.png 768w\" sizes=\"auto, (max-width: 150px) 100vw, 150px\" \/> <\/p>\n\n\n\n<h2 class=\"wp-block-heading has-text-align-left o-anim-offset-500px o-anim-hover\">Obnova, ponovna uporaba, kro\u017eno gospodarstvo baterij<\/h2>\n<\/div>\n\n\n\n<div style=\"height:1.25rem\" aria-hidden=\"true\" class=\"wp-block-spacer\"><\/div>\n\n\n\n<p class=\"has-text-align-center\">Obnavljamo baterije. Specializirani smo za popolno obnovo svin\u010devo kislinskih baterij, servise in testiranja vseh vrst baterij.<\/p>\n\n\n\n<div style=\"height:1.25rem\" aria-hidden=\"true\" class=\"wp-block-spacer\"><\/div>\n\n\n\n<div class=\"wp-block-buttons is-content-justification-center is-layout-flex wp-container-core-buttons-is-layout-a89b3969 wp-block-buttons-is-layout-flex\">\n<div class=\"wp-block-button\"><a class=\"wp-block-button__link wp-element-button\" href=\"https:\/\/bsi-si.si\/prva\/?p=18\">Ve\u010d o podjetju BSI servis<\/a><\/div>\n<\/div>\n<\/div>\n<\/div>\n\n\n\n<div class=\"wp-block-media-text alignfull is-stacked-on-mobile is-image-fill-element has-background\" style=\"background:linear-gradient(90deg,rgb(181,189,188) 0%,rgb(249,249,249) 81%);grid-template-columns:37% auto\"><figure class=\"wp-block-media-text__media\"><img loading=\"lazy\" decoding=\"async\" width=\"1024\" height=\"768\" src=\"https:\/\/bsi-si.si\/prva\/wp-content\/uploads\/2024\/10\/IMG_20191017_100222-1024x768.jpg\" alt=\"\" class=\"wp-image-21 size-full\" style=\"object-position:50% 50%\" srcset=\"https:\/\/bsi-si.si\/prva\/wp-content\/uploads\/2024\/10\/IMG_20191017_100222-1024x768.jpg 1024w, https:\/\/bsi-si.si\/prva\/wp-content\/uploads\/2024\/10\/IMG_20191017_100222-300x225.jpg 300w, https:\/\/bsi-si.si\/prva\/wp-content\/uploads\/2024\/10\/IMG_20191017_100222-768x576.jpg 768w, https:\/\/bsi-si.si\/prva\/wp-content\/uploads\/2024\/10\/IMG_20191017_100222-1536x1152.jpg 1536w, https:\/\/bsi-si.si\/prva\/wp-content\/uploads\/2024\/10\/IMG_20191017_100222-2048x1536.jpg 2048w\" sizes=\"auto, (max-width: 1024px) 100vw, 1024px\" \/><\/figure><div class=\"wp-block-media-text__content\">\n<h2 class=\"wp-block-heading\">Obnova akumulatorjev<\/h2>\n\n\n\n<p>Obnavljamo&nbsp;<strong>trakcijske baterije<\/strong>&nbsp;za vili\u010darje in druge baterijsko napajalne stroje.<br>Odpremo vse celice in fizi\u010dno o\u010distimo notranjost, zamenjamo elektrolit, poskrbimo za povezave ter priklju\u010dne pole in elektronsko vzbudimo baterijo.<\/p>\n\n\n\n<div class=\"wp-block-buttons is-content-justification-right is-layout-flex wp-container-core-buttons-is-layout-d445cf74 wp-block-buttons-is-layout-flex\">\n<div class=\"wp-block-button\"><a class=\"wp-block-button__link has-text-align-center wp-element-button\" href=\"https:\/\/bsi-si.si\/prva\/?page_id=487\">Preberi ve\u010d<\/a><\/div>\n<\/div>\n<\/div><\/div>\n\n\n\n<div class=\"wp-block-media-text alignfull is-stacked-on-mobile is-image-fill-element has-background\" style=\"background:linear-gradient(90deg,rgb(181,189,188) 0%,rgb(249,249,249) 88%);grid-template-columns:37% auto\"><figure class=\"wp-block-media-text__media\"><img loading=\"lazy\" decoding=\"async\" width=\"1024\" height=\"963\" src=\"https:\/\/bsi-si.si\/prva\/wp-content\/uploads\/2024\/11\/battery_explosion-1024x963.jpg\" alt=\"\" class=\"wp-image-334 size-full\" style=\"object-position:50% 50%\" srcset=\"https:\/\/bsi-si.si\/prva\/wp-content\/uploads\/2024\/11\/battery_explosion-1024x963.jpg 1024w, https:\/\/bsi-si.si\/prva\/wp-content\/uploads\/2024\/11\/battery_explosion-300x282.jpg 300w, https:\/\/bsi-si.si\/prva\/wp-content\/uploads\/2024\/11\/battery_explosion-768x722.jpg 768w, https:\/\/bsi-si.si\/prva\/wp-content\/uploads\/2024\/11\/battery_explosion-1536x1445.jpg 1536w, https:\/\/bsi-si.si\/prva\/wp-content\/uploads\/2024\/11\/battery_explosion-2048x1927.jpg 2048w\" sizes=\"auto, (max-width: 1024px) 100vw, 1024px\" \/><\/figure><div class=\"wp-block-media-text__content\">\n<h2 class=\"wp-block-heading\">Servis akumulatorjev<\/h2>\n\n\n\n<p>Servisiramo napake na povezavah, tesnilih, polih, okvare v notranjosti celic in popravimo po\u0161kodbe po eksploziji vodika.<\/p>\n\n\n\n<div class=\"wp-block-buttons is-content-justification-right is-layout-flex wp-container-core-buttons-is-layout-d445cf74 wp-block-buttons-is-layout-flex\">\n<div class=\"wp-block-button\"><a class=\"wp-block-button__link has-text-align-center wp-element-button\" href=\"https:\/\/bsi-si.si\/prva\/?page_id=482\">Preberi ve\u010d<\/a><\/div>\n<\/div>\n<\/div><\/div>\n\n\n\n<div class=\"wp-block-media-text alignfull is-stacked-on-mobile is-image-fill-element has-background\" style=\"background:linear-gradient(90deg,rgb(181,189,188) 0%,rgb(249,249,249) 73%);grid-template-columns:37% auto\"><figure class=\"wp-block-media-text__media\"><img loading=\"lazy\" decoding=\"async\" width=\"1024\" height=\"850\" src=\"https:\/\/bsi-si.si\/prva\/wp-content\/uploads\/2025\/01\/porocilo-1024x850.jpg\" alt=\"porocilo praznjenja baterije\" class=\"wp-image-590 size-full\" style=\"object-position:50% 50%\" srcset=\"https:\/\/bsi-si.si\/prva\/wp-content\/uploads\/2025\/01\/porocilo-1024x850.jpg 1024w, https:\/\/bsi-si.si\/prva\/wp-content\/uploads\/2025\/01\/porocilo-300x249.jpg 300w, https:\/\/bsi-si.si\/prva\/wp-content\/uploads\/2025\/01\/porocilo-768x638.jpg 768w, https:\/\/bsi-si.si\/prva\/wp-content\/uploads\/2025\/01\/porocilo.jpg 1126w\" sizes=\"auto, (max-width: 1024px) 100vw, 1024px\" \/><\/figure><div class=\"wp-block-media-text__content\">\n<h2 class=\"wp-block-heading\">Vzbujanje in testiranje akumulatorjev<\/h2>\n\n\n\n<p>Zbudimo baterije, ki so premalo v uporabi, napolnimo preve\u010d izpraznjene baterije, naredimo test kapacitete.<\/p>\n\n\n\n<div class=\"wp-block-buttons is-content-justification-right is-layout-flex wp-container-core-buttons-is-layout-d445cf74 wp-block-buttons-is-layout-flex\">\n<div class=\"wp-block-button\"><a class=\"wp-block-button__link has-text-align-center wp-element-button\" href=\"https:\/\/bsi-si.si\/prva\/?page_id=591\">Preberi ve\u010d<\/a><\/div>\n<\/div>\n<\/div><\/div>\n\n\n\n<p><\/p>\n\n\n\n<div class=\"wp-block-group alignfull has-background has-global-padding is-layout-constrained wp-container-core-group-is-layout-669513ed wp-block-group-is-layout-constrained\" style=\"background:linear-gradient(0deg,rgb(181,189,188) 8%,rgb(249,249,249) 82%);margin-top:0;margin-bottom:0;padding-top:var(--wp--preset--spacing--50);padding-right:var(--wp--preset--spacing--50);padding-bottom:var(--wp--preset--spacing--50);padding-left:var(--wp--preset--spacing--50)\">\n<div style=\"margin-top:0;margin-bottom:0;height:var(--wp--preset--spacing--40)\" aria-hidden=\"true\" class=\"wp-block-spacer\"><\/div>\n\n\n\n<div style=\"height:var(--wp--preset--spacing--20)\" aria-hidden=\"true\" class=\"wp-block-spacer\"><\/div>\n\n\n\n<div class=\"wp-block-columns alignwide is-layout-flex wp-container-core-columns-is-layout-d0bbbce0 wp-block-columns-is-layout-flex\">\n<div class=\"wp-block-column is-layout-flow wp-container-core-column-is-layout-e3d1c41b wp-block-column-is-layout-flow\">\n<h3 class=\"wp-block-heading has-text-align-left is-style-asterisk has-body-font-family has-medium-font-size\" style=\"font-style:normal;font-weight:600\">Servisni material<\/h3>\n\n\n\n<p class=\"has-text-align-left\">Na zalogi imamo servisni material, glavne konektorje, povezave, \u010depe in spojke dolivnega sistema za trakcijske baterije.<\/p>\n<\/div>\n\n\n\n<div class=\"wp-block-column is-layout-flow wp-container-core-column-is-layout-e3d1c41b wp-block-column-is-layout-flow\">\n<h3 class=\"wp-block-heading has-text-align-left is-style-asterisk has-body-font-family has-medium-font-size\" style=\"font-style:normal;font-weight:600\">Usposabljanje<\/h3>\n\n\n\n<p class=\"has-text-align-left\">Nudimo izobra\u017eevanje uporabnikov in vzdr\u017eevalcev akumulatorjev. Svetujemo pri izbiri primernih polnilcev, pravilnem dolivanju demi vode in splo\u0161nem rokovanju z akumulatorji.<\/p>\n<\/div>\n\n\n\n<div class=\"wp-block-column is-layout-flow wp-container-core-column-is-layout-e3d1c41b wp-block-column-is-layout-flow\">\n<h3 class=\"wp-block-heading has-text-align-left is-style-asterisk has-body-font-family has-medium-font-size\" style=\"font-style:normal;font-weight:600\">Test polnilcev<\/h3>\n\n\n\n<p class=\"has-text-align-left\">Testiramo polnilce. V na\u0161i delavnici posnamemo delovanje polnilca v kombinaciji s strankinim akumulatorjem. Ali s prenosnim logerjem v samem vili\u010darju.<\/p>\n<\/div>\n<\/div>\n<\/div>\n\n\n\n<h4 class=\"wp-block-heading alignwide\">Reference:<\/h4>\n\n\n\n<div class=\"wp-block-group alignwide has-small-font-size is-horizontal is-content-justification-left is-nowrap is-layout-flex wp-container-core-group-is-layout-6c5dec0d wp-block-group-is-layout-flex\" style=\"border-style:none;border-width:0px;min-height:0px;padding-top:var(--wp--preset--spacing--10);padding-right:0;padding-bottom:var(--wp--preset--spacing--10);padding-left:0\">\n<figure class=\"wp-block-image size-full wp-duotone-duotone-5\"><img loading=\"lazy\" decoding=\"async\" width=\"463\" height=\"95\" src=\"https:\/\/bsi-si.si\/prva\/wp-content\/uploads\/2025\/09\/jungheinrich-logo.png\" alt=\"Jungheinrich\" class=\"wp-image-721\" style=\"object-fit:cover\" srcset=\"https:\/\/bsi-si.si\/prva\/wp-content\/uploads\/2025\/09\/jungheinrich-logo.png 463w, https:\/\/bsi-si.si\/prva\/wp-content\/uploads\/2025\/09\/jungheinrich-logo-300x62.png 300w\" sizes=\"auto, (max-width: 463px) 100vw, 463px\" \/><\/figure>\n\n\n\n<figure class=\"wp-block-image size-full wp-duotone-duotone-5\"><img loading=\"lazy\" decoding=\"async\" width=\"143\" height=\"95\" src=\"https:\/\/bsi-si.si\/prva\/wp-content\/uploads\/2025\/09\/JUB-logo.png\" alt=\"\" class=\"wp-image-720\"\/><\/figure>\n\n\n\n<figure class=\"wp-block-image size-full wp-duotone-duotone-5\"><img loading=\"lazy\" decoding=\"async\" width=\"284\" height=\"95\" src=\"https:\/\/bsi-si.si\/prva\/wp-content\/uploads\/2025\/09\/linde-logo.png\" alt=\"\" class=\"wp-image-722\"\/><\/figure>\n\n\n\n<figure class=\"wp-block-image size-full wp-duotone-duotone-5\"><img loading=\"lazy\" decoding=\"async\" width=\"115\" height=\"95\" src=\"https:\/\/bsi-si.si\/prva\/wp-content\/uploads\/2025\/09\/ika-logo.png\" alt=\"\" class=\"wp-image-719\"\/><\/figure>\n\n\n\n<figure class=\"wp-block-image size-full wp-duotone-duotone-5\"><img loading=\"lazy\" decoding=\"async\" width=\"582\" height=\"95\" src=\"https:\/\/bsi-si.si\/prva\/wp-content\/uploads\/2025\/09\/HTS-STEEL-logo.png\" alt=\"\" class=\"wp-image-718\" srcset=\"https:\/\/bsi-si.si\/prva\/wp-content\/uploads\/2025\/09\/HTS-STEEL-logo.png 582w, https:\/\/bsi-si.si\/prva\/wp-content\/uploads\/2025\/09\/HTS-STEEL-logo-300x49.png 300w\" sizes=\"auto, (max-width: 582px) 100vw, 582px\" \/><\/figure>\n\n\n\n<figure class=\"wp-block-image size-full wp-duotone-duotone-5\"><img loading=\"lazy\" decoding=\"async\" width=\"97\" height=\"95\" src=\"https:\/\/bsi-si.si\/prva\/wp-content\/uploads\/2025\/09\/TUS-logo.png\" alt=\"\" class=\"wp-image-716\"\/><\/figure>\n\n\n\n<figure class=\"wp-block-image size-full wp-duotone-duotone-5\"><img loading=\"lazy\" decoding=\"async\" width=\"200\" height=\"95\" src=\"https:\/\/bsi-si.si\/prva\/wp-content\/uploads\/2025\/09\/pam-logo.png\" alt=\"\" class=\"wp-image-715\"\/><\/figure>\n\n\n\n<figure class=\"wp-block-image size-full wp-duotone-duotone-5\"><img loading=\"lazy\" decoding=\"async\" width=\"473\" height=\"95\" src=\"https:\/\/bsi-si.si\/prva\/wp-content\/uploads\/2025\/09\/GorenjeGTI-logo.png\" alt=\"\" class=\"wp-image-717\" srcset=\"https:\/\/bsi-si.si\/prva\/wp-content\/uploads\/2025\/09\/GorenjeGTI-logo.png 473w, https:\/\/bsi-si.si\/prva\/wp-content\/uploads\/2025\/09\/GorenjeGTI-logo-300x60.png 300w\" sizes=\"auto, (max-width: 473px) 100vw, 473px\" \/><\/figure>\n\n\n\n<figure class=\"wp-block-image size-full wp-duotone-duotone-5\"><img loading=\"lazy\" decoding=\"async\" width=\"95\" height=\"95\" src=\"https:\/\/bsi-si.si\/prva\/wp-content\/uploads\/2025\/09\/lth-logo.png\" alt=\"\" class=\"wp-image-714\"\/><\/figure>\n<\/div>\n\n\n\n<p><\/p>\n","protected":false},"excerpt":{"rendered":"<p>Obnova, ponovna uporaba, kro\u017eno gospodarstvo baterij Obnavljamo baterije. Specializirani smo za popolno obnovo svin\u010devo kislinskih baterij, servise in testiranja vseh vrst baterij. Servisni material Na zalogi imamo servisni material, glavne konektorje, povezave, \u010depe in spojke dolivnega sistema za trakcijske baterije. Usposabljanje Nudimo izobra\u017eevanje uporabnikov in vzdr\u017eevalcev akumulatorjev. Svetujemo pri izbiri primernih polnilcev, pravilnem dolivanju demi [&hellip;]<\/p>\n","protected":false},"author":1,"featured_media":0,"parent":0,"menu_order":0,"comment_status":"closed","ping_status":"closed","template":"","meta":{"inline_featured_image":false,"footnotes":""},"class_list":["post-286","page","type-page","status-publish","hentry"],"_links":{"self":[{"href":"https:\/\/bsi-si.si\/prva\/wp-json\/wp\/v2\/pages\/286","targetHints":{"allow":["GET"]}}],"collection":[{"href":"https:\/\/bsi-si.si\/prva\/wp-json\/wp\/v2\/pages"}],"about":[{"href":"https:\/\/bsi-si.si\/prva\/wp-json\/wp\/v2\/types\/page"}],"author":[{"embeddable":true,"href":"https:\/\/bsi-si.si\/prva\/wp-json\/wp\/v2\/users\/1"}],"replies":[{"embeddable":true,"href":"https:\/\/bsi-si.si\/prva\/wp-json\/wp\/v2\/comments?post=286"}],"version-history":[{"count":53,"href":"https:\/\/bsi-si.si\/prva\/wp-json\/wp\/v2\/pages\/286\/revisions"}],"predecessor-version":[{"id":843,"href":"https:\/\/bsi-si.si\/prva\/wp-json\/wp\/v2\/pages\/286\/revisions\/843"}],"wp:attachment":[{"href":"https:\/\/bsi-si.si\/prva\/wp-json\/wp\/v2\/media?parent=286"}],"curies":[{"name":"wp","href":"https:\/\/api.w.org\/{rel}","templated":true}]}}