{"id":18,"date":"2024-10-29T14:45:19","date_gmt":"2024-10-29T13:45:19","guid":{"rendered":"https:\/\/bsi-si.si\/prva\/?page_id=18"},"modified":"2025-09-03T07:31:13","modified_gmt":"2025-09-03T06:31:13","slug":"o-podjetju","status":"publish","type":"page","link":"https:\/\/bsi-si.si\/prva\/o-podjetju\/","title":{"rendered":"O podjetju"},"content":{"rendered":"\n<div class=\"wp-block-media-text alignfull is-stacked-on-mobile has-background\" style=\"background-color:#b5e88e61;grid-template-columns:47% auto\"><figure class=\"wp-block-media-text__media\"><img loading=\"lazy\" decoding=\"async\" width=\"1024\" height=\"768\" src=\"https:\/\/bsi-si.si\/prva\/wp-content\/uploads\/2024\/10\/IMG_20191017_100222-1024x768.jpg\" alt=\"\" class=\"wp-image-21 size-full\" srcset=\"https:\/\/bsi-si.si\/prva\/wp-content\/uploads\/2024\/10\/IMG_20191017_100222-1024x768.jpg 1024w, https:\/\/bsi-si.si\/prva\/wp-content\/uploads\/2024\/10\/IMG_20191017_100222-300x225.jpg 300w, https:\/\/bsi-si.si\/prva\/wp-content\/uploads\/2024\/10\/IMG_20191017_100222-768x576.jpg 768w, https:\/\/bsi-si.si\/prva\/wp-content\/uploads\/2024\/10\/IMG_20191017_100222-1536x1152.jpg 1536w, https:\/\/bsi-si.si\/prva\/wp-content\/uploads\/2024\/10\/IMG_20191017_100222-2048x1536.jpg 2048w\" sizes=\"auto, (max-width: 1024px) 100vw, 1024px\" \/><\/figure><div class=\"wp-block-media-text__content\">\n<h2 class=\"wp-block-heading is-style-default has-contrast-color has-text-color has-link-color wp-elements-92e3dcd7f95424ec333a901596d110fb\" style=\"line-height:0.4\">O podjetju<\/h2>\n\n\n\n<p class=\"has-contrast-color has-base-2-background-color has-text-color has-background has-link-color wp-elements-9c7be2cf45222b517d90f5a54192ec2a\">Zgodba BSI servisa se je pri\u010dela leta 2014, ko smo se povezali z izraelskim podjetjem BSI Intr z idejo obnavljanja svin\u010devo kislinskih akumulatorjev. Na slovenskem trgu ve\u010dino na\u0161ega dela predstavlja obnova akumulatorjev za elektri\u010dne vili\u010darje. Dejavni pa smo tudi na podro\u010dju servisa in monta\u017ee baterijskih sklopov brezprekinitvenih napajanj, predvsem gorskih ko\u010d.<\/p>\n\n\n\n<p class=\"has-contrast-color has-base-2-background-color has-text-color has-background has-link-color wp-elements-7d68cc17e64619bbbde750a21248a988\">Smo dru\u017einsko podjetje, majhno in prilagodljivo, ki ne samo obnavlja akumulatorje, vendar tudi izobra\u017euje uporabnike, da s pravilnim vzdr\u017eevanjem dose\u017ee kar najdalj\u0161o \u017eivljenjsko dobo svojih akumulatorjev.<\/p>\n<\/div><\/div>\n\n\n\n<div class=\"wp-block-group alignfull is-vertical is-layout-flex wp-container-core-group-is-layout-0bc941e6 wp-block-group-is-layout-flex\"><div id=\"wpgmza_map\" class=\"wpgmza_map\" data-settings='{\"id\":\"1\",\"map_title\":\"My first map\",\"map_width\":\"100\",\"map_height\":\"500\",\"map_start_lat\":\"46.23232434914359\",\"map_start_lng\":\"14.359597390593727\",\"map_start_location\":\"45.950464398418106,-109.81550500000003\",\"map_start_zoom\":\"14\",\"default_marker\":\"\",\"type\":\"1\",\"alignment\":\"4\",\"directions_enabled\":\"0\",\"styling_enabled\":\"0\",\"styling_json\":\"\",\"active\":\"0\",\"kml\":\"\",\"bicycle\":\"0\",\"traffic\":\"0\",\"dbox\":\"0\",\"dbox_width\":\"\",\"listmarkers\":\"0\",\"listmarkers_advanced\":\"0\",\"filterbycat\":\"0\",\"ugm_enabled\":\"0\",\"ugm_category_enabled\":\"0\",\"fusion\":\"\",\"map_width_type\":\"%\",\"map_height_type\":\"px\",\"mass_marker_support\":\"0\",\"ugm_access\":\"0\",\"order_markers_by\":\"0\",\"order_markers_choice\":\"0\",\"show_user_location\":\"0\",\"default_to\":\"\",\"other_settings\":{\"map_type\":1,\"sl_stroke_color\":\"\",\"sl_fill_color\":\"\",\"sl_stroke_opacity\":\"\",\"sl_fill_opacity\":\"\",\"transport_layer\":false,\"action\":\"wpgmza_save_map\",\"redirect_to\":\"\\\/prva\\\/wp-admin\\\/admin-post.php\",\"map_id\":\"1\",\"http_referer\":\"\\\/prva\\\/wp-admin\\\/admin.php?page=wp-google-maps-menu&amp;amp;action=edit&amp;amp;map_id=1\",\"wpgmza_id\":\"1\",\"wpgmza_start_location\":\"46.23232434914359,14.359597390593727\",\"wpgmza_start_zoom\":\"14\",\"wpgmza_theme_data\":\"\",\"store_locator_enabled\":false,\"store_locator_search_area\":\"radial\",\"wpgmza_store_locator_radius_style\":\"legacy\",\"wpgmza_store_locator_default_radius\":\"10\",\"store_locator_auto_area_max_zoom\":\"\",\"store_locator_distance\":false,\"wpgmza_store_locator_position\":false,\"store_locator_show_distance\":false,\"store_locator_category\":false,\"wpgmza_store_locator_use_their_location\":false,\"wpgmza_store_locator_bounce\":false,\"wpgmza_sl_animation\":null,\"wpgmza_store_locator_hide_before_search\":false,\"store_locator_query_string\":\"\",\"store_locator_location_placeholder\":\"\",\"store_locator_default_address\":\"\",\"store_locator_name_search\":false,\"store_locator_name_string\":\"\",\"store_locator_not_found_message\":\"\",\"wpgmza_map_align\":\"1\",\"jump_to_nearest_marker_on_initialization\":false,\"automatically_pan_to_users_location\":false,\"override_users_location_zoom_level\":false,\"override_users_location_zoom_levels\":\"\",\"show_distance_from_location\":false,\"map_max_zoom\":\"21\",\"map_min_zoom\":\"0\",\"click_open_link\":false,\"fit_maps_bounds_to_markers\":false,\"fit_maps_bounds_to_markers_after_filtering\":false,\"hide_point_of_interest\":false,\"wpgmza_zoom_on_marker_click\":false,\"wpgmza_zoom_on_marker_click_slider\":\"\",\"close_infowindow_on_map_click\":false,\"disable_lightbox_images\":false,\"use_Raw_Jpeg_Coordinates\":false,\"polygon_labels\":false,\"disable_polygon_info_windows\":false,\"enable_marker_ratings\":false,\"enable_marker_labels\":false,\"only_load_markers_within_viewport\":false,\"zoom_level_mobile_override_enabled\":false,\"zoom_level_mobile_override\":\"\",\"iw_primary_color\":\"#000000\",\"iw_accent_color\":\"#000000\",\"iw_text_color\":\"#000000\",\"wpgmza_listmarkers_by\":\"0\",\"wpgmza_marker_listing_position\":false,\"wpgmza_push_in_map\":false,\"wpgmza_push_in_map_placement\":null,\"wpgmza_push_in_map_width\":\"\",\"wpgmza_push_in_map_height\":\"\",\"zoom_level_on_marker_listing_override\":false,\"zoom_level_on_marker_listing_click\":\"\",\"marker_listing_disable_zoom\":false,\"datatable_no_result_message\":\"\",\"remove_search_box_datables\":false,\"dataTable_pagination_style\":null,\"datatable_search_string\":\"\",\"datatable_result_start\":\"\",\"datatable_result_of\":\"\",\"datatable_result_to\":\"\",\"datatable_result_total\":\"\",\"datatable_result_show\":\"\",\"datatable_result_entries\":\"\",\"wpgmza_savemap\":\"Save Map \\u00bb\"}}' data-map-id='1' Data-maps-engine='google-maps' data-shortcode-attributes='{\"id\":\"1\"}' style=\"display:block; overflow:auto; width:100%; height:500px; float:left;\"><\/div>\n\n\n\n<div class=\"wp-block-columns is-layout-flex wp-container-core-columns-is-layout-28f84493 wp-block-columns-is-layout-flex\">\n<div class=\"wp-block-column has-base-color has-custom-color-4-background-color has-text-color has-background has-link-color wp-elements-6077e3f53438cc9e8243f69656450543 is-layout-flow wp-block-column-is-layout-flow\" style=\"flex-basis:100%\"><\/div>\n<\/div>\n<\/div>\n","protected":false},"excerpt":{"rendered":"<p>O podjetju Zgodba BSI servisa se je pri\u010dela leta 2014, ko smo se povezali z izraelskim podjetjem BSI Intr z idejo obnavljanja svin\u010devo kislinskih akumulatorjev. Na slovenskem trgu ve\u010dino na\u0161ega dela predstavlja obnova akumulatorjev za elektri\u010dne vili\u010darje. Dejavni pa smo tudi na podro\u010dju servisa in monta\u017ee baterijskih sklopov brezprekinitvenih napajanj, predvsem gorskih ko\u010d. Smo dru\u017einsko [&hellip;]<\/p>\n","protected":false},"author":1,"featured_media":0,"parent":0,"menu_order":0,"comment_status":"closed","ping_status":"closed","template":"page-no-title","meta":{"inline_featured_image":false,"footnotes":""},"class_list":["post-18","page","type-page","status-publish","hentry"],"_links":{"self":[{"href":"https:\/\/bsi-si.si\/prva\/wp-json\/wp\/v2\/pages\/18","targetHints":{"allow":["GET"]}}],"collection":[{"href":"https:\/\/bsi-si.si\/prva\/wp-json\/wp\/v2\/pages"}],"about":[{"href":"https:\/\/bsi-si.si\/prva\/wp-json\/wp\/v2\/types\/page"}],"author":[{"embeddable":true,"href":"https:\/\/bsi-si.si\/prva\/wp-json\/wp\/v2\/users\/1"}],"replies":[{"embeddable":true,"href":"https:\/\/bsi-si.si\/prva\/wp-json\/wp\/v2\/comments?post=18"}],"version-history":[{"count":58,"href":"https:\/\/bsi-si.si\/prva\/wp-json\/wp\/v2\/pages\/18\/revisions"}],"predecessor-version":[{"id":743,"href":"https:\/\/bsi-si.si\/prva\/wp-json\/wp\/v2\/pages\/18\/revisions\/743"}],"wp:attachment":[{"href":"https:\/\/bsi-si.si\/prva\/wp-json\/wp\/v2\/media?parent=18"}],"curies":[{"name":"wp","href":"https:\/\/api.w.org\/{rel}","templated":true}]}}